{"id":78,"date":"2025-11-21T10:45:05","date_gmt":"2025-11-21T10:45:05","guid":{"rendered":"https:\/\/fisioterapeutassopelana.com\/fitcut-team\/"},"modified":"2026-03-30T08:32:44","modified_gmt":"2026-03-30T08:32:44","slug":"nuestro-equipo","status":"publish","type":"page","link":"https:\/\/fisioterapeutassopelana.com\/eu\/nuestro-equipo\/","title":{"rendered":"Gure taldea"},"content":{"rendered":"<div data-elementor-type=\"wp-page\" data-elementor-id=\"78\" class=\"elementor elementor-78\" data-elementor-post-type=\"page\">\n\t\t\t\t\t\t<section data-particle_enable=\"false\" data-particle-mobile-disabled=\"false\" class=\"elementor-section elementor-top-section elementor-element elementor-element-7ce5921 elementor-section-stretched elementor-section-full_width elementor-section-height-default elementor-section-height-default wpr-particle-no wpr-jarallax-no wpr-parallax-no wpr-sticky-section-no\" data-id=\"7ce5921\" data-element_type=\"section\" data-e-type=\"section\" data-settings=\"{&quot;stretch_section&quot;:&quot;section-stretched&quot;,&quot;background_background&quot;:&quot;classic&quot;,&quot;animation&quot;:&quot;none&quot;,&quot;ekit_has_onepagescroll_dot&quot;:&quot;yes&quot;}\">\n\t\t\t\t\t\t<div class=\"elementor-container elementor-column-gap-no\">\n\t\t\t\t\t<div class=\"elementor-column elementor-col-100 elementor-top-column elementor-element elementor-element-b14d017\" data-id=\"b14d017\" data-element_type=\"column\" data-e-type=\"column\">\n\t\t\t<div class=\"elementor-widget-wrap elementor-element-populated\">\n\t\t\t\t\t\t<div class=\"elementor-element elementor-element-04ab7f9 eael-dual-header-content-mobile-align-center eael-dual-header-content-align-center elementor-widget elementor-widget-eael-dual-color-header\" data-id=\"04ab7f9\" data-element_type=\"widget\" data-e-type=\"widget\" data-settings=\"{&quot;ekit_we_effect_on&quot;:&quot;none&quot;}\" data-widget_type=\"eael-dual-color-header.default\">\n\t\t\t\t\t\t\t\t<div class=\"eael-dual-header\">\n\t\t\t\t<h2 class=\"title eael-dch-title translation-block\"><span class=\"eael-dch-title-text eael-dch-title-lead lead solid-color\">\nTalderik\n<\/span>\n<span class=\"eael-dch-title-text\">\nindartsuena\n<\/span><\/h2>\t\t\t<\/div>\n\n\t\t\t\t\t\t<\/div>\n\t\t\t\t<div class=\"elementor-element elementor-element-4f03b5f elementor-widget__width-initial elementor-widget elementor-widget-spacer\" data-id=\"4f03b5f\" data-element_type=\"widget\" data-e-type=\"widget\" data-settings=\"{&quot;ekit_we_effect_on&quot;:&quot;none&quot;}\" data-widget_type=\"spacer.default\">\n\t\t\t\t\t\t\t<div class=\"elementor-spacer\">\n\t\t\t<div class=\"elementor-spacer-inner\"><\/div>\n\t\t<\/div>\n\t\t\t\t\t\t<\/div>\n\t\t\t\t<div class=\"elementor-element elementor-element-3a4d6ae elementor-absolute elementor-invisible elementor-widget elementor-widget-heading\" data-id=\"3a4d6ae\" data-element_type=\"widget\" data-e-type=\"widget\" data-settings=\"{&quot;_animation&quot;:&quot;zoomIn&quot;,&quot;_position&quot;:&quot;absolute&quot;,&quot;ekit_we_effect_on&quot;:&quot;none&quot;}\" data-widget_type=\"heading.default\">\n\t\t\t\t\t<span class=\"elementor-heading-title elementor-size-default\">equipo<\/span>\t\t\t\t<\/div>\n\t\t\t\t\t<\/div>\n\t\t<\/div>\n\t\t\t\t\t<\/div>\n\t\t<\/section>\n\t\t\t\t<section data-particle_enable=\"false\" data-particle-mobile-disabled=\"false\" class=\"elementor-section elementor-top-section elementor-element elementor-element-6353ee16 elementor-section-stretched elementor-section-boxed elementor-section-height-default elementor-section-height-default wpr-particle-no wpr-jarallax-no wpr-parallax-no wpr-sticky-section-no\" data-id=\"6353ee16\" data-element_type=\"section\" data-e-type=\"section\" id=\"team_section\" data-settings=\"{&quot;stretch_section&quot;:&quot;section-stretched&quot;,&quot;ekit_has_onepagescroll_dot&quot;:&quot;yes&quot;}\">\n\t\t\t\t\t\t<div class=\"elementor-container elementor-column-gap-no\">\n\t\t\t\t\t<div class=\"elementor-column elementor-col-100 elementor-top-column elementor-element elementor-element-34908093\" data-id=\"34908093\" data-element_type=\"column\" data-e-type=\"column\">\n\t\t\t<div class=\"elementor-widget-wrap elementor-element-populated\">\n\t\t\t\t\t\t<section data-particle_enable=\"false\" data-particle-mobile-disabled=\"false\" class=\"elementor-section elementor-inner-section elementor-element elementor-element-ddc96d6 elementor-section-boxed elementor-section-height-default elementor-section-height-default wpr-particle-no wpr-jarallax-no wpr-parallax-no wpr-sticky-section-no\" data-id=\"ddc96d6\" data-element_type=\"section\" data-e-type=\"section\" data-settings=\"{&quot;ekit_has_onepagescroll_dot&quot;:&quot;yes&quot;}\">\n\t\t\t\t\t\t<div class=\"elementor-container elementor-column-gap-no\">\n\t\t\t\t\t<div class=\"elementor-column elementor-col-100 elementor-inner-column elementor-element elementor-element-281a8e2c\" data-id=\"281a8e2c\" data-element_type=\"column\" data-e-type=\"column\">\n\t\t\t<div class=\"elementor-widget-wrap elementor-element-populated\">\n\t\t\t\t\t\t<div class=\"elementor-element elementor-element-3119abf eael-dual-header-content-align-left eael-dual-header-content-mobile-align-center elementor-invisible elementor-widget elementor-widget-eael-dual-color-header\" data-id=\"3119abf\" data-element_type=\"widget\" data-e-type=\"widget\" data-settings=\"{&quot;_animation&quot;:&quot;fadeInDown&quot;,&quot;ekit_we_effect_on&quot;:&quot;none&quot;}\" data-widget_type=\"eael-dual-color-header.default\">\n\t\t\t\t\t\t\t\t<div class=\"eael-dual-header\">\n\t\t\t\t<h2 class=\"title eael-dch-title translation-block\"><span class=\"eael-dch-title-text eael-dch-title-lead lead solid-color\">\nGure\n<\/span>\n<span class=\"eael-dch-title-text\">\nTaldea\n<\/span><\/h2>\t\t\t<\/div>\n\n\t\t\t\t\t\t<\/div>\n\t\t\t\t<div class=\"elementor-element elementor-element-64c004af elementor-widget__width-initial elementor-widget elementor-widget-spacer\" data-id=\"64c004af\" data-element_type=\"widget\" data-e-type=\"widget\" data-settings=\"{&quot;ekit_we_effect_on&quot;:&quot;none&quot;}\" data-widget_type=\"spacer.default\">\n\t\t\t\t\t\t\t<div class=\"elementor-spacer\">\n\t\t\t<div class=\"elementor-spacer-inner\"><\/div>\n\t\t<\/div>\n\t\t\t\t\t\t<\/div>\n\t\t\t\t\t<\/div>\n\t\t<\/div>\n\t\t\t\t\t<\/div>\n\t\t<\/section>\n\t\t\t\t<section data-particle_enable=\"false\" data-particle-mobile-disabled=\"false\" class=\"elementor-section elementor-inner-section elementor-element elementor-element-7125a3bc elementor-section-boxed elementor-section-height-default elementor-section-height-default wpr-particle-no wpr-jarallax-no wpr-parallax-no wpr-sticky-section-no\" data-id=\"7125a3bc\" data-element_type=\"section\" data-e-type=\"section\" data-settings=\"{&quot;ekit_has_onepagescroll_dot&quot;:&quot;yes&quot;}\">\n\t\t\t\t\t\t<div class=\"elementor-container elementor-column-gap-no\">\n\t\t\t\t\t<div class=\"elementor-column elementor-col-50 elementor-inner-column elementor-element elementor-element-63e5d042\" data-id=\"63e5d042\" data-element_type=\"column\" data-e-type=\"column\">\n\t\t\t<div class=\"elementor-widget-wrap elementor-element-populated\">\n\t\t\t\t\t\t<div class=\"elementor-element elementor-element-922e2a3 eael-team-align-centered elementor-invisible elementor-widget elementor-widget-eael-team-member\" data-id=\"922e2a3\" data-element_type=\"widget\" data-e-type=\"widget\" data-settings=\"{&quot;_animation&quot;:&quot;fadeInUp&quot;,&quot;ekit_we_effect_on&quot;:&quot;none&quot;}\" data-widget_type=\"eael-team-member.default\">\n\t\t\t\t\t\n\n\t<div id=\"eael-team-member-922e2a3\" class=\"eael-team-item eael-team-members-simple\">\n\t\t<div class=\"eael-team-item-inner\">\n\t\t\t<div class=\"eael-team-image\">\n\t\t\t\t<figure>\n\t\t\t\t\t\t\t\t\t\t<img decoding=\"async\" src=\"https:\/\/fisioterapeutassopelana.com\/wp-content\/uploads\/2026\/03\/loitzun.png\" alt=\"\">\n\t\t\t\t\t\t\t\t\t<\/figure>\n\t\t\t\t\n\t\t\t\t\n\t\t\t<\/div>\n\n\t\t\t<div class=\"eael-team-content\">\n\t\t\t\t<h2 class=\"eael-team-member-name\">\u200bLoitzun Izaola<\/h2><h3 class=\"eael-team-member-position\">Fisioterapeuta \u2013 (Kol. zb.\/Col. zk. 459)<\/h3>\n\t\t\t\t\t\t\t\t\t\t\t\t\t\t<p class=\"eael-team-text\">20 urte baino gehiagoko esperientzia klinikoa daukan fisioterapeuta eta osteopata. Muskulu-hezurretako eta kiroleko patologiaren espezialista da, ebidentzian oinarritutako ikuspegia terapia manualeko eta ariketa terapeutikoko teknika aurreratuekaz uztartuz. Unibertsitateko irakaslea eta argitalpen zientifikoen egilea, arreta pertsonalizatuaren eta kalitate gorenaren alde egiten dau. <\/p>\n\t\t\t\t\t\t\t<\/div>\n\t\t<\/div>\n\t<\/div>\n\t\t\t\t\t<\/div>\n\t\t\t\t\t<\/div>\n\t\t<\/div>\n\t\t\t\t<div class=\"elementor-column elementor-col-50 elementor-inner-column elementor-element elementor-element-8d54bb0\" data-id=\"8d54bb0\" data-element_type=\"column\" data-e-type=\"column\">\n\t\t\t<div class=\"elementor-widget-wrap elementor-element-populated\">\n\t\t\t\t\t\t<div class=\"elementor-element elementor-element-9a6ed94 eael-team-align-centered elementor-invisible elementor-widget elementor-widget-eael-team-member\" data-id=\"9a6ed94\" data-element_type=\"widget\" data-e-type=\"widget\" data-settings=\"{&quot;_animation&quot;:&quot;fadeInUp&quot;,&quot;_animation_delay&quot;:150,&quot;ekit_we_effect_on&quot;:&quot;none&quot;}\" data-widget_type=\"eael-team-member.default\">\n\t\t\t\t\t\n\n\t<div id=\"eael-team-member-9a6ed94\" class=\"eael-team-item eael-team-members-simple\">\n\t\t<div class=\"eael-team-item-inner\">\n\t\t\t<div class=\"eael-team-image\">\n\t\t\t\t<figure>\n\t\t\t\t\t\t\t\t\t\t<img decoding=\"async\" src=\"https:\/\/fisioterapeutassopelana.com\/wp-content\/uploads\/2026\/03\/Iratxe.png\" alt=\"\">\n\t\t\t\t\t\t\t\t\t<\/figure>\n\t\t\t\t\n\t\t\t\t\n\t\t\t<\/div>\n\n\t\t\t<div class=\"eael-team-content\">\n\t\t\t\t<h2 class=\"eael-team-member-name\">Iratxe Olabarrieta<\/h2><h3 class=\"eael-team-member-position\">Fisioterapeuta \u2013 (Kol. zb.\/Col. zk. 589)<\/h3>\n\t\t\t\t\t\t\t\t\t\t\t\t\t\t<p class=\"eael-team-text\">25 urteko esperientzia klinikoa daukan fisioterapeuta. Fisioterapian, Pilates terapeutikoan eta kate muskularretan trebatuta, ikuspegi funtzionala terapia manualeko teknikekin eta gidatutako ariketagaz uztartzen dau. Kasu bakoitza tratu hurbilagaz laguntzen dau, mina arindu eta mugimendua hobetzea helburu izanik, kalitate gorena eskainiz. Balorazio indibidualean oinarritzen da saio bakoitza egokitzeko.<\/p>\n\t\t\t\t\t\t\t<\/div>\n\t\t<\/div>\n\t<\/div>\n\t\t\t\t\t<\/div>\n\t\t\t\t\t<\/div>\n\t\t<\/div>\n\t\t\t\t\t<\/div>\n\t\t<\/section>\n\t\t\t\t<div class=\"elementor-element elementor-element-6d305518 elementor-align-center elementor-invisible elementor-widget elementor-widget-button\" data-id=\"6d305518\" data-element_type=\"widget\" data-e-type=\"widget\" data-settings=\"{&quot;_animation&quot;:&quot;fadeInUp&quot;,&quot;ekit_we_effect_on&quot;:&quot;none&quot;}\" data-widget_type=\"button.default\">\n\t\t\t\t\t\t\t\t\t\t<a class=\"elementor-button elementor-button-link elementor-size-sm elementor-animation-grow\" href=\"https:\/\/fisioterapeutassopelana.com\/eu\/contacto\/\">\n\t\t\t\t\t\t<span class=\"elementor-button-content-wrapper\">\n\t\t\t\t\t\t\t\t\t<span class=\"elementor-button-text\">\u00a1Hitzordua erreserbatu!<\/span>\n\t\t\t\t\t<\/span>\n\t\t\t\t\t<\/a>\n\t\t\t\t\t\t\t\t<\/div>\n\t\t\t\t\t<\/div>\n\t\t<\/div>\n\t\t\t\t\t<\/div>\n\t\t<\/section>\n\t\t\t\t<section data-particle_enable=\"false\" data-particle-mobile-disabled=\"false\" class=\"elementor-section elementor-top-section elementor-element elementor-element-5d2b6f2 elementor-section-content-middle elementor-section-boxed elementor-section-height-default elementor-section-height-default wpr-particle-no wpr-jarallax-no wpr-parallax-no wpr-sticky-section-no\" data-id=\"5d2b6f2\" data-element_type=\"section\" data-e-type=\"section\" data-settings=\"{&quot;background_background&quot;:&quot;classic&quot;,&quot;animation&quot;:&quot;none&quot;,&quot;ekit_has_onepagescroll_dot&quot;:&quot;yes&quot;}\">\n\t\t\t\t\t\t<div class=\"elementor-container elementor-column-gap-no\">\n\t\t\t\t\t<div class=\"elementor-column elementor-col-100 elementor-top-column elementor-element elementor-element-a103308\" data-id=\"a103308\" data-element_type=\"column\" data-e-type=\"column\">\n\t\t\t<div class=\"elementor-widget-wrap elementor-element-populated\">\n\t\t\t\t\t\t<section data-particle_enable=\"false\" data-particle-mobile-disabled=\"false\" class=\"elementor-section elementor-inner-section elementor-element elementor-element-79021f0 elementor-section-content-middle elementor-section-boxed elementor-section-height-default elementor-section-height-default wpr-particle-no wpr-jarallax-no wpr-parallax-no wpr-sticky-section-no\" data-id=\"79021f0\" data-element_type=\"section\" data-e-type=\"section\" data-settings=\"{&quot;ekit_has_onepagescroll_dot&quot;:&quot;yes&quot;}\">\n\t\t\t\t\t\t<div class=\"elementor-container elementor-column-gap-no\">\n\t\t\t\t\t<div class=\"elementor-column elementor-col-50 elementor-inner-column elementor-element elementor-element-d5fb0be elementor-invisible\" data-id=\"d5fb0be\" data-element_type=\"column\" data-e-type=\"column\" data-settings=\"{&quot;animation&quot;:&quot;fadeInLeft&quot;}\">\n\t\t\t<div class=\"elementor-widget-wrap elementor-element-populated\">\n\t\t\t\t\t\t<div class=\"elementor-element elementor-element-f7fc1cb eael-dual-header-content-align-left elementor-widget elementor-widget-eael-dual-color-header\" data-id=\"f7fc1cb\" data-element_type=\"widget\" data-e-type=\"widget\" data-settings=\"{&quot;_animation&quot;:&quot;none&quot;,&quot;ekit_we_effect_on&quot;:&quot;none&quot;}\" data-widget_type=\"eael-dual-color-header.default\">\n\t\t\t\t\t\t\t\t<div class=\"eael-dual-header\">\n\t\t\t\t<h2 class=\"title eael-dch-title translation-block\"><span class=\"eael-dch-title-text eael-dch-title-lead lead solid-color\">\nOrain\n<\/span>\n<span class=\"eael-dch-title-text\">\nezagutzen gaituzunean\n<\/span><\/h2>\t\t\t\t\t<span class=\"subtext\"><p>The largest selection fitness articles exercises workouts, supplements, &amp; community to help you reach your goals!<\/p><\/span>\n\t\t\t\t\t\t\t<\/div>\n\n\t\t\t\t\t\t<\/div>\n\t\t\t\t<div class=\"elementor-element elementor-element-7d54f6b elementor-widget__width-initial elementor-widget elementor-widget-spacer\" data-id=\"7d54f6b\" data-element_type=\"widget\" data-e-type=\"widget\" data-settings=\"{&quot;ekit_we_effect_on&quot;:&quot;none&quot;}\" data-widget_type=\"spacer.default\">\n\t\t\t\t\t\t\t<div class=\"elementor-spacer\">\n\t\t\t<div class=\"elementor-spacer-inner\"><\/div>\n\t\t<\/div>\n\t\t\t\t\t\t<\/div>\n\t\t\t\t<div class=\"elementor-element elementor-element-5262cfb elementor-widget elementor-widget-text-editor\" data-id=\"5262cfb\" data-element_type=\"widget\" data-e-type=\"widget\" data-settings=\"{&quot;ekit_we_effect_on&quot;:&quot;none&quot;}\" data-widget_type=\"text-editor.default\">\n\t\t\t\t\t\t\t\t\t<p>Ahora que nos conoces mejor, \u00bfest\u00e1s listo para empezar tu camino hacia una recuperaci\u00f3n efectiva? Estamos aqu\u00ed para ayudarte a mejorar tu bienestar f\u00edsico con tratamientos personalizados y de calidad. \u00a1No esperes m\u00e1s para sentirte mejor!<\/p>\t\t\t\t\t\t\t\t<\/div>\n\t\t\t\t\t<\/div>\n\t\t<\/div>\n\t\t\t\t<div class=\"elementor-column elementor-col-50 elementor-inner-column elementor-element elementor-element-96ebc77\" data-id=\"96ebc77\" data-element_type=\"column\" data-e-type=\"column\">\n\t\t\t<div class=\"elementor-widget-wrap elementor-element-populated\">\n\t\t\t\t\t\t<div class=\"elementor-element elementor-element-06aaf38 elementor-align-right elementor-mobile-align-center elementor-invisible elementor-widget elementor-widget-button\" data-id=\"06aaf38\" data-element_type=\"widget\" data-e-type=\"widget\" data-settings=\"{&quot;_animation&quot;:&quot;zoomIn&quot;,&quot;ekit_we_effect_on&quot;:&quot;none&quot;}\" data-widget_type=\"button.default\">\n\t\t\t\t\t\t\t\t\t\t<a class=\"elementor-button elementor-button-link elementor-size-md elementor-animation-grow\" href=\"https:\/\/fisioterapeutassopelana.com\/eu\/contacto\/\">\n\t\t\t\t\t\t<span class=\"elementor-button-content-wrapper\">\n\t\t\t\t\t\t\t\t\t<span class=\"elementor-button-text\">\u00a1Kontaktatu!<\/span>\n\t\t\t\t\t<\/span>\n\t\t\t\t\t<\/a>\n\t\t\t\t\t\t\t\t<\/div>\n\t\t\t\t\t<\/div>\n\t\t<\/div>\n\t\t\t\t\t<\/div>\n\t\t<\/section>\n\t\t\t\t\t<\/div>\n\t\t<\/div>\n\t\t\t\t\t<\/div>\n\t\t<\/section>\n\t\t\t\t<\/div>","protected":false},"excerpt":{"rendered":"<p>El equipo m\u00e1s fuerte equipo Nuestro Equipo \u200bLoitzun Izaola Fisioterapeuta &#8211; (Kol. Zb.\/Col.Num. 459) Fisioterapeuta y oste\u00f3pata con m\u00e1s de 20 a\u00f1os de experiencia cl\u00ednica. Especialista en patolog\u00eda musculoesquel\u00e9tica y deportiva, combina un enfoque basado en la evidencia con t\u00e9cnicas avanzadas de terapia manual y ejercicio terap\u00e9utico. Profesor universitario y autor de publicaciones cient\u00edficas, apuesta por una atenci\u00f3n personalizada y de m\u00e1xima calidad. Iratxe Olabarrieta Fisioterapeuta &#8211; (Kol. Zb\/Col.Num. 589) Fisioterapeuta con 25 a\u00f1os de experiencia cl\u00ednica. Formada en fisioterapia, Pilates terap\u00e9utico y cadenas musculares, integra un enfoque funcional con t\u00e9cnicas manuales y ejercicio guiado. Acompa\u00f1a cada caso con trato cercano, buscando aliviar el dolor y mejorar el movimiento con m\u00e1xima calidad. Se apoya en valoraci\u00f3n individual para adaptar cada sesi\u00f3n. \u00a1Reservar una cita! Ahora que nos conoces The largest selection fitness articles exercises workouts, supplements, &amp; community to help you reach your goals! Ahora que nos conoces mejor, \u00bfest\u00e1s listo para empezar tu camino hacia una recuperaci\u00f3n efectiva? Estamos aqu\u00ed para ayudarte a mejorar tu bienestar f\u00edsico con tratamientos personalizados y de calidad. \u00a1No esperes m\u00e1s para sentirte mejor! \u00a1Contactar!<\/p>","protected":false},"author":3,"featured_media":0,"parent":0,"menu_order":0,"comment_status":"closed","ping_status":"closed","template":"elementor_header_footer","meta":{"footnotes":""},"class_list":["post-78","page","type-page","status-publish","hentry"],"_hostinger_reach_plugin_has_subscription_block":false,"_hostinger_reach_plugin_is_elementor":false,"_links":{"self":[{"href":"https:\/\/fisioterapeutassopelana.com\/eu\/wp-json\/wp\/v2\/pages\/78","targetHints":{"allow":["GET"]}}],"collection":[{"href":"https:\/\/fisioterapeutassopelana.com\/eu\/wp-json\/wp\/v2\/pages"}],"about":[{"href":"https:\/\/fisioterapeutassopelana.com\/eu\/wp-json\/wp\/v2\/types\/page"}],"author":[{"embeddable":true,"href":"https:\/\/fisioterapeutassopelana.com\/eu\/wp-json\/wp\/v2\/users\/3"}],"replies":[{"embeddable":true,"href":"https:\/\/fisioterapeutassopelana.com\/eu\/wp-json\/wp\/v2\/comments?post=78"}],"version-history":[{"count":45,"href":"https:\/\/fisioterapeutassopelana.com\/eu\/wp-json\/wp\/v2\/pages\/78\/revisions"}],"predecessor-version":[{"id":623,"href":"https:\/\/fisioterapeutassopelana.com\/eu\/wp-json\/wp\/v2\/pages\/78\/revisions\/623"}],"wp:attachment":[{"href":"https:\/\/fisioterapeutassopelana.com\/eu\/wp-json\/wp\/v2\/media?parent=78"}],"curies":[{"name":"wp","href":"https:\/\/api.w.org\/{rel}","templated":true}]}}