{"id":69,"date":"2025-11-21T10:45:05","date_gmt":"2025-11-21T10:45:05","guid":{"rendered":"https:\/\/fisioterapeutassopelana.com\/fitcut-gallery\/"},"modified":"2025-12-15T21:04:57","modified_gmt":"2025-12-15T21:04:57","slug":"colaboraciones","status":"publish","type":"page","link":"https:\/\/fisioterapeutassopelana.com\/eu\/colaboraciones\/","title":{"rendered":"Lankidetzak"},"content":{"rendered":"<div data-elementor-type=\"wp-page\" data-elementor-id=\"69\" class=\"elementor elementor-69\" data-elementor-post-type=\"page\">\n\t\t\t\t\t\t<section data-particle_enable=\"false\" data-particle-mobile-disabled=\"false\" class=\"elementor-section elementor-top-section elementor-element elementor-element-3682f83 elementor-section-stretched elementor-section-full_width elementor-section-height-default elementor-section-height-default wpr-particle-no wpr-jarallax-no wpr-parallax-no wpr-sticky-section-no\" data-id=\"3682f83\" data-element_type=\"section\" data-e-type=\"section\" data-settings=\"{&quot;stretch_section&quot;:&quot;section-stretched&quot;,&quot;background_background&quot;:&quot;classic&quot;,&quot;animation&quot;:&quot;none&quot;,&quot;ekit_has_onepagescroll_dot&quot;:&quot;yes&quot;}\">\n\t\t\t\t\t\t<div class=\"elementor-container elementor-column-gap-no\">\n\t\t\t\t\t<div class=\"elementor-column elementor-col-100 elementor-top-column elementor-element elementor-element-062faad\" data-id=\"062faad\" data-element_type=\"column\" data-e-type=\"column\">\n\t\t\t<div class=\"elementor-widget-wrap elementor-element-populated\">\n\t\t\t\t\t\t<div class=\"elementor-element elementor-element-57f992c eael-dual-header-content-mobile-align-center eael-dual-header-content-align-center elementor-widget elementor-widget-eael-dual-color-header\" data-id=\"57f992c\" data-element_type=\"widget\" data-e-type=\"widget\" data-settings=\"{&quot;ekit_we_effect_on&quot;:&quot;none&quot;}\" data-widget_type=\"eael-dual-color-header.default\">\n\t\t\t\t\t\t\t\t<div class=\"eael-dual-header\">\n\t\t\t\t<h2 class=\"title eael-dch-title translation-block\"><span class=\"eael-dch-title-text eael-dch-title-lead lead solid-color\">\nEgungo\n<\/span>\n<span class=\"eael-dch-title-text\">\nlankidetzak\n<\/span><\/h2>\t\t\t<\/div>\n\n\t\t\t\t\t\t<\/div>\n\t\t\t\t<div class=\"elementor-element elementor-element-fc24215 elementor-widget__width-initial elementor-widget elementor-widget-spacer\" data-id=\"fc24215\" data-element_type=\"widget\" data-e-type=\"widget\" data-settings=\"{&quot;ekit_we_effect_on&quot;:&quot;none&quot;}\" data-widget_type=\"spacer.default\">\n\t\t\t\t\t\t\t<div class=\"elementor-spacer\">\n\t\t\t<div class=\"elementor-spacer-inner\"><\/div>\n\t\t<\/div>\n\t\t\t\t\t\t<\/div>\n\t\t\t\t<div class=\"elementor-element elementor-element-ee579a8 elementor-absolute elementor-invisible elementor-widget elementor-widget-heading\" data-id=\"ee579a8\" data-element_type=\"widget\" data-e-type=\"widget\" data-settings=\"{&quot;_animation&quot;:&quot;zoomIn&quot;,&quot;_position&quot;:&quot;absolute&quot;,&quot;ekit_we_effect_on&quot;:&quot;none&quot;}\" data-widget_type=\"heading.default\">\n\t\t\t\t\t<span class=\"elementor-heading-title elementor-size-default\">Colaboradores<\/span>\t\t\t\t<\/div>\n\t\t\t\t\t<\/div>\n\t\t<\/div>\n\t\t\t\t\t<\/div>\n\t\t<\/section>\n\t\t\t\t<section data-particle_enable=\"false\" data-particle-mobile-disabled=\"false\" class=\"elementor-section elementor-top-section elementor-element elementor-element-1d231e05 elementor-section-stretched elementor-section-boxed elementor-section-height-default elementor-section-height-default wpr-particle-no wpr-jarallax-no wpr-parallax-no wpr-sticky-section-no\" data-id=\"1d231e05\" data-element_type=\"section\" data-e-type=\"section\" id=\"pricing_section\" data-settings=\"{&quot;stretch_section&quot;:&quot;section-stretched&quot;,&quot;ekit_has_onepagescroll_dot&quot;:&quot;yes&quot;}\">\n\t\t\t\t\t\t<div class=\"elementor-container elementor-column-gap-no\">\n\t\t\t\t\t<div class=\"elementor-column elementor-col-100 elementor-top-column elementor-element elementor-element-150ede15\" data-id=\"150ede15\" data-element_type=\"column\" data-e-type=\"column\">\n\t\t\t<div class=\"elementor-widget-wrap elementor-element-populated\">\n\t\t\t\t\t\t<section data-particle_enable=\"false\" data-particle-mobile-disabled=\"false\" class=\"elementor-section elementor-inner-section elementor-element elementor-element-1749235b elementor-section-boxed elementor-section-height-default elementor-section-height-default wpr-particle-no wpr-jarallax-no wpr-parallax-no\" data-id=\"1749235b\" data-element_type=\"section\" data-e-type=\"section\" data-settings=\"{&quot;ekit_has_onepagescroll_dot&quot;:&quot;yes&quot;}\">\n\t\t\t\t\t\t<div class=\"elementor-container elementor-column-gap-no\">\n\t\t\t\t\t<div class=\"elementor-column elementor-col-100 elementor-inner-column elementor-element elementor-element-299fd407\" data-id=\"299fd407\" data-element_type=\"column\" data-e-type=\"column\">\n\t\t\t<div class=\"elementor-widget-wrap elementor-element-populated\">\n\t\t\t\t\t\t<div class=\"elementor-element elementor-element-762b3689 eael-dual-header-content-align-left eael-dual-header-content-mobile-align-center elementor-invisible elementor-widget elementor-widget-eael-dual-color-header\" data-id=\"762b3689\" data-element_type=\"widget\" data-e-type=\"widget\" data-settings=\"{&quot;_animation&quot;:&quot;fadeInDown&quot;,&quot;ekit_we_effect_on&quot;:&quot;none&quot;}\" data-widget_type=\"eael-dual-color-header.default\">\n\t\t\t\t\t\t\t\t<div class=\"eael-dual-header\">\n\t\t\t\t<h2 class=\"title eael-dch-title translation-block\"><span class=\"eael-dch-title-text eael-dch-title-lead lead solid-color\">\nGure\n<\/span>\n<span class=\"eael-dch-title-text\">\nLankideak\n<\/span><\/h2>\t\t\t<\/div>\n\n\t\t\t\t\t\t<\/div>\n\t\t\t\t<div class=\"elementor-element elementor-element-32e4ff25 elementor-widget__width-initial elementor-invisible elementor-widget elementor-widget-spacer\" data-id=\"32e4ff25\" data-element_type=\"widget\" data-e-type=\"widget\" data-settings=\"{&quot;_animation&quot;:&quot;fadeInLeft&quot;,&quot;ekit_we_effect_on&quot;:&quot;none&quot;}\" data-widget_type=\"spacer.default\">\n\t\t\t\t\t\t\t<div class=\"elementor-spacer\">\n\t\t\t<div class=\"elementor-spacer-inner\"><\/div>\n\t\t<\/div>\n\t\t\t\t\t\t<\/div>\n\t\t\t\t\t<\/div>\n\t\t<\/div>\n\t\t\t\t\t<\/div>\n\t\t<\/section>\n\t\t<div data-particle_enable=\"false\" data-particle-mobile-disabled=\"false\" class=\"elementor-element elementor-element-49555e94 e-grid e-con-boxed wpr-particle-no wpr-jarallax-no wpr-parallax-no wpr-sticky-section-no e-con e-parent\" data-id=\"49555e94\" data-element_type=\"container\" data-e-type=\"container\" data-settings=\"{&quot;ekit_has_onepagescroll_dot&quot;:&quot;yes&quot;}\">\n\t\t\t\t\t<div class=\"e-con-inner\">\n\t\t\t\t<div class=\"elementor-element elementor-element-68ed613a elementor-invisible elementor-widget elementor-widget-image\" data-id=\"68ed613a\" data-element_type=\"widget\" data-e-type=\"widget\" data-settings=\"{&quot;_animation&quot;:&quot;fadeInUp&quot;,&quot;_animation_delay&quot;:100,&quot;ekit_we_effect_on&quot;:&quot;none&quot;}\" data-widget_type=\"image.default\">\n\t\t\t\t\t\t\t\t\t\t\t\t\t\t\t<img decoding=\"async\" width=\"88\" height=\"90\" src=\"https:\/\/fisioterapeutassopelana.com\/wp-content\/uploads\/2025\/12\/Getxo-rugby-4.png\" class=\"attachment-medium size-medium wp-image-206\" alt=\"\" srcset=\"https:\/\/fisioterapeutassopelana.com\/wp-content\/uploads\/2025\/12\/Getxo-rugby-4.png 88w, https:\/\/fisioterapeutassopelana.com\/wp-content\/uploads\/2025\/12\/Getxo-rugby-4-12x12.png 12w\" sizes=\"(max-width: 88px) 100vw, 88px\" \/>\t\t\t\t\t\t\t\t\t\t\t\t\t\t\t<\/div>\n\t\t\t\t<div class=\"elementor-element elementor-element-78085d6f elementor-invisible elementor-widget elementor-widget-image\" data-id=\"78085d6f\" data-element_type=\"widget\" data-e-type=\"widget\" data-settings=\"{&quot;_animation&quot;:&quot;fadeInUp&quot;,&quot;_animation_delay&quot;:200,&quot;ekit_we_effect_on&quot;:&quot;none&quot;}\" data-widget_type=\"image.default\">\n\t\t\t\t\t\t\t\t\t\t\t\t\t\t\t<img decoding=\"async\" width=\"88\" height=\"90\" src=\"https:\/\/fisioterapeutassopelana.com\/wp-content\/uploads\/2025\/12\/Getxo-rugby-5.png\" class=\"attachment-medium size-medium wp-image-205\" alt=\"\" srcset=\"https:\/\/fisioterapeutassopelana.com\/wp-content\/uploads\/2025\/12\/Getxo-rugby-5.png 88w, https:\/\/fisioterapeutassopelana.com\/wp-content\/uploads\/2025\/12\/Getxo-rugby-5-12x12.png 12w\" sizes=\"(max-width: 88px) 100vw, 88px\" \/>\t\t\t\t\t\t\t\t\t\t\t\t\t\t\t<\/div>\n\t\t\t\t<div class=\"elementor-element elementor-element-23e54c0d elementor-invisible elementor-widget elementor-widget-image\" data-id=\"23e54c0d\" data-element_type=\"widget\" data-e-type=\"widget\" data-settings=\"{&quot;_animation&quot;:&quot;fadeInUp&quot;,&quot;_animation_delay&quot;:300,&quot;ekit_we_effect_on&quot;:&quot;none&quot;}\" data-widget_type=\"image.default\">\n\t\t\t\t\t\t\t\t\t\t\t\t\t\t\t<img decoding=\"async\" width=\"88\" height=\"90\" src=\"https:\/\/fisioterapeutassopelana.com\/wp-content\/uploads\/2025\/12\/Getxo-rugby-3.png\" class=\"attachment-medium size-medium wp-image-207\" alt=\"\" srcset=\"https:\/\/fisioterapeutassopelana.com\/wp-content\/uploads\/2025\/12\/Getxo-rugby-3.png 88w, https:\/\/fisioterapeutassopelana.com\/wp-content\/uploads\/2025\/12\/Getxo-rugby-3-12x12.png 12w\" sizes=\"(max-width: 88px) 100vw, 88px\" \/>\t\t\t\t\t\t\t\t\t\t\t\t\t\t\t<\/div>\n\t\t\t\t<div class=\"elementor-element elementor-element-560117cd elementor-invisible elementor-widget elementor-widget-image\" data-id=\"560117cd\" data-element_type=\"widget\" data-e-type=\"widget\" data-settings=\"{&quot;_animation&quot;:&quot;fadeInUp&quot;,&quot;_animation_delay&quot;:400,&quot;ekit_we_effect_on&quot;:&quot;none&quot;}\" data-widget_type=\"image.default\">\n\t\t\t\t\t\t\t\t\t\t\t\t\t\t\t<img loading=\"lazy\" decoding=\"async\" width=\"88\" height=\"90\" src=\"https:\/\/fisioterapeutassopelana.com\/wp-content\/uploads\/2025\/12\/Getxo-rugby-2.png\" class=\"attachment-medium size-medium wp-image-208\" alt=\"\" srcset=\"https:\/\/fisioterapeutassopelana.com\/wp-content\/uploads\/2025\/12\/Getxo-rugby-2.png 88w, https:\/\/fisioterapeutassopelana.com\/wp-content\/uploads\/2025\/12\/Getxo-rugby-2-12x12.png 12w\" sizes=\"(max-width: 88px) 100vw, 88px\" \/>\t\t\t\t\t\t\t\t\t\t\t\t\t\t\t<\/div>\n\t\t\t\t\t<\/div>\n\t\t\t\t<\/div>\n\t\t\t\t\t<\/div>\n\t\t<\/div>\n\t\t\t\t\t<\/div>\n\t\t<\/section>\n\t\t\t\t<section data-particle_enable=\"false\" data-particle-mobile-disabled=\"false\" class=\"elementor-section elementor-top-section elementor-element elementor-element-f3d1ecd elementor-section-content-middle elementor-section-boxed elementor-section-height-default elementor-section-height-default wpr-particle-no wpr-jarallax-no wpr-parallax-no wpr-sticky-section-no\" data-id=\"f3d1ecd\" data-element_type=\"section\" data-e-type=\"section\" data-settings=\"{&quot;background_background&quot;:&quot;classic&quot;,&quot;animation&quot;:&quot;none&quot;,&quot;ekit_has_onepagescroll_dot&quot;:&quot;yes&quot;}\">\n\t\t\t\t\t\t<div class=\"elementor-container elementor-column-gap-no\">\n\t\t\t\t\t<div class=\"elementor-column elementor-col-100 elementor-top-column elementor-element elementor-element-92ef031\" data-id=\"92ef031\" data-element_type=\"column\" data-e-type=\"column\">\n\t\t\t<div class=\"elementor-widget-wrap elementor-element-populated\">\n\t\t\t\t\t\t<section data-particle_enable=\"false\" data-particle-mobile-disabled=\"false\" class=\"elementor-section elementor-inner-section elementor-element elementor-element-4c7b65a elementor-section-content-middle elementor-section-boxed elementor-section-height-default elementor-section-height-default wpr-particle-no wpr-jarallax-no wpr-parallax-no wpr-sticky-section-no\" data-id=\"4c7b65a\" data-element_type=\"section\" data-e-type=\"section\" data-settings=\"{&quot;ekit_has_onepagescroll_dot&quot;:&quot;yes&quot;}\">\n\t\t\t\t\t\t<div class=\"elementor-container elementor-column-gap-no\">\n\t\t\t\t\t<div class=\"elementor-column elementor-col-50 elementor-inner-column elementor-element elementor-element-8092058 elementor-invisible\" data-id=\"8092058\" data-element_type=\"column\" data-e-type=\"column\" data-settings=\"{&quot;animation&quot;:&quot;fadeInLeft&quot;}\">\n\t\t\t<div class=\"elementor-widget-wrap elementor-element-populated\">\n\t\t\t\t\t\t<div class=\"elementor-element elementor-element-403e331 eael-dual-header-content-align-left elementor-widget elementor-widget-eael-dual-color-header\" data-id=\"403e331\" data-element_type=\"widget\" data-e-type=\"widget\" data-settings=\"{&quot;_animation&quot;:&quot;none&quot;,&quot;ekit_we_effect_on&quot;:&quot;none&quot;}\" data-widget_type=\"eael-dual-color-header.default\">\n\t\t\t\t\t\t\t\t<div class=\"eael-dual-header\">\n\t\t\t\t<h2 class=\"title eael-dch-title translation-block\"><span class=\"eael-dch-title-text eael-dch-title-lead lead solid-color\">\nGugan konfiantza dabe\n<\/span>\n<span class=\"eael-dch-title-text\">\nZergaitik...\n<\/span><\/h2>\t\t\t\t\t<span class=\"subtext\"><p>The largest selection fitness articles exercises workouts, supplements, &amp; community to help you reach your goals!<\/p><\/span>\n\t\t\t\t\t\t\t<\/div>\n\n\t\t\t\t\t\t<\/div>\n\t\t\t\t<div class=\"elementor-element elementor-element-89ff049 elementor-widget__width-initial elementor-widget elementor-widget-spacer\" data-id=\"89ff049\" data-element_type=\"widget\" data-e-type=\"widget\" data-settings=\"{&quot;ekit_we_effect_on&quot;:&quot;none&quot;}\" data-widget_type=\"spacer.default\">\n\t\t\t\t\t\t\t<div class=\"elementor-spacer\">\n\t\t\t<div class=\"elementor-spacer-inner\"><\/div>\n\t\t<\/div>\n\t\t\t\t\t\t<\/div>\n\t\t\t\t<div class=\"elementor-element elementor-element-8992c68 elementor-widget elementor-widget-text-editor\" data-id=\"8992c68\" data-element_type=\"widget\" data-e-type=\"widget\" data-settings=\"{&quot;ekit_we_effect_on&quot;:&quot;none&quot;}\" data-widget_type=\"text-editor.default\">\n\t\t\t\t\t\t\t\t\t<p>Gugan konfiantza dabe urteetako esperientzian eta fisioterapia-teknika aurreratuetan oinarritutako ikuspegi pertsonalizatua eskaintzen dogulako. Tratamendu eraginkorrak emoteko konpromisoa hartzen dogu, mina murriztean eta mugimendua hobetzean zentratuta, emaitza ikusgarriak eta berreskuratze osoa bermatuz!<\/p>\t\t\t\t\t\t\t\t<\/div>\n\t\t\t\t\t<\/div>\n\t\t<\/div>\n\t\t\t\t<div class=\"elementor-column elementor-col-50 elementor-inner-column elementor-element elementor-element-7da49cf\" data-id=\"7da49cf\" data-element_type=\"column\" data-e-type=\"column\">\n\t\t\t<div class=\"elementor-widget-wrap elementor-element-populated\">\n\t\t\t\t\t\t<div class=\"elementor-element elementor-element-778f270 elementor-align-right elementor-mobile-align-center elementor-invisible elementor-widget elementor-widget-button\" data-id=\"778f270\" data-element_type=\"widget\" data-e-type=\"widget\" data-settings=\"{&quot;_animation&quot;:&quot;zoomIn&quot;,&quot;ekit_we_effect_on&quot;:&quot;none&quot;}\" data-widget_type=\"button.default\">\n\t\t\t\t\t\t\t\t\t\t<a class=\"elementor-button elementor-button-link elementor-size-md elementor-animation-grow\" href=\"https:\/\/fisioterapeutassopelana.com\/eu\/contacto\/\">\n\t\t\t\t\t\t<span class=\"elementor-button-content-wrapper\">\n\t\t\t\t\t\t\t\t\t<span class=\"elementor-button-text\">\u00a1Kontaktatu!<\/span>\n\t\t\t\t\t<\/span>\n\t\t\t\t\t<\/a>\n\t\t\t\t\t\t\t\t<\/div>\n\t\t\t\t\t<\/div>\n\t\t<\/div>\n\t\t\t\t\t<\/div>\n\t\t<\/section>\n\t\t\t\t\t<\/div>\n\t\t<\/div>\n\t\t\t\t\t<\/div>\n\t\t<\/section>\n\t\t\t\t<\/div>","protected":false},"excerpt":{"rendered":"<p>Colaboraciones Actuales Colaboradores Nuestros Colaboradores Confian en nosotros Por Que&#8230; The largest selection fitness articles exercises workouts, supplements, &amp; community to help you reach your goals! \u00a1Conf\u00edan en nosotros porque ofrecemos un enfoque personalizado, basado en a\u00f1os de experiencia y el uso de t\u00e9cnicas de fisioterapia avanzadas. Nos comprometemos a proporcionar tratamientos efectivos, centrados en la reducci\u00f3n del dolor y la mejora del movimiento, garantizando resultados visibles y una recuperaci\u00f3n completa! \u00a1Contactar!<\/p>","protected":false},"author":3,"featured_media":0,"parent":0,"menu_order":0,"comment_status":"closed","ping_status":"closed","template":"elementor_header_footer","meta":{"footnotes":""},"class_list":["post-69","page","type-page","status-publish","hentry"],"_hostinger_reach_plugin_has_subscription_block":false,"_hostinger_reach_plugin_is_elementor":false,"_links":{"self":[{"href":"https:\/\/fisioterapeutassopelana.com\/eu\/wp-json\/wp\/v2\/pages\/69","targetHints":{"allow":["GET"]}}],"collection":[{"href":"https:\/\/fisioterapeutassopelana.com\/eu\/wp-json\/wp\/v2\/pages"}],"about":[{"href":"https:\/\/fisioterapeutassopelana.com\/eu\/wp-json\/wp\/v2\/types\/page"}],"author":[{"embeddable":true,"href":"https:\/\/fisioterapeutassopelana.com\/eu\/wp-json\/wp\/v2\/users\/3"}],"replies":[{"embeddable":true,"href":"https:\/\/fisioterapeutassopelana.com\/eu\/wp-json\/wp\/v2\/comments?post=69"}],"version-history":[{"count":27,"href":"https:\/\/fisioterapeutassopelana.com\/eu\/wp-json\/wp\/v2\/pages\/69\/revisions"}],"predecessor-version":[{"id":515,"href":"https:\/\/fisioterapeutassopelana.com\/eu\/wp-json\/wp\/v2\/pages\/69\/revisions\/515"}],"wp:attachment":[{"href":"https:\/\/fisioterapeutassopelana.com\/eu\/wp-json\/wp\/v2\/media?parent=69"}],"curies":[{"name":"wp","href":"https:\/\/api.w.org\/{rel}","templated":true}]}}