{"id":428,"date":"2025-12-15T20:16:25","date_gmt":"2025-12-15T20:16:25","guid":{"rendered":"https:\/\/fisioterapeutassopelana.com\/?page_id=428"},"modified":"2025-12-15T20:18:42","modified_gmt":"2025-12-15T20:18:42","slug":"politica-de-cookies","status":"publish","type":"page","link":"https:\/\/fisioterapeutassopelana.com\/eu\/politica-de-cookies\/","title":{"rendered":"Pol\u00edtica de Cookies"},"content":{"rendered":"<div data-elementor-type=\"wp-page\" data-elementor-id=\"428\" class=\"elementor elementor-428\" data-elementor-post-type=\"page\">\n\t\t\t\t<div data-particle_enable=\"false\" data-particle-mobile-disabled=\"false\" class=\"elementor-element elementor-element-ac3d8ec e-flex e-con-boxed wpr-particle-no wpr-jarallax-no wpr-parallax-no wpr-sticky-section-no e-con e-parent\" data-id=\"ac3d8ec\" data-element_type=\"container\" data-e-type=\"container\" data-settings=\"{&quot;ekit_has_onepagescroll_dot&quot;:&quot;yes&quot;}\">\n\t\t\t\t\t<div class=\"e-con-inner\">\n\t\t\t\t<div class=\"elementor-element elementor-element-b36c0d0 elementor-widget elementor-widget-heading\" data-id=\"b36c0d0\" data-element_type=\"widget\" data-e-type=\"widget\" data-settings=\"{&quot;ekit_we_effect_on&quot;:&quot;none&quot;}\" data-widget_type=\"heading.default\">\n\t\t\t\t\t<h1 class=\"elementor-heading-title elementor-size-default\">Pol\u00edtica de Cookies<\/h1>\t\t\t\t<\/div>\n\t\t\t\t<div class=\"elementor-element elementor-element-1d894c3 elementor-widget elementor-widget-text-editor\" data-id=\"1d894c3\" data-element_type=\"widget\" data-e-type=\"widget\" data-settings=\"{&quot;ekit_we_effect_on&quot;:&quot;none&quot;}\" data-widget_type=\"text-editor.default\">\n\t\t\t\t\t\t\t\t\t<h2 data-start=\"140\" data-end=\"187\"><strong data-start=\"140\" data-end=\"187\">\u00bfQu\u00e9 son las Cookies y para qu\u00e9 las usamos?<\/strong><\/h2><p data-start=\"189\" data-end=\"503\">En <strong data-start=\"192\" data-end=\"213\">Mugi Fisioterapia<\/strong>, nos tomamos muy en serio la privacidad de nuestros usuarios. Las cookies son peque\u00f1os archivos de informaci\u00f3n que se almacenan en tu navegador cuando visitas nuestra p\u00e1gina web. Estas cookies nos permiten mejorar tu experiencia al recordar tus preferencias y actividad en futuras visitas.<\/p><p data-start=\"505\" data-end=\"640\">A continuaci\u00f3n, te explicamos qu\u00e9 son las cookies, c\u00f3mo las utilizamos y c\u00f3mo puedes gestionarlas para mejorar tu experiencia en l\u00ednea.<\/p><h2 data-start=\"642\" data-end=\"665\">\u00bfQu\u00e9 es una Cookie?<\/h2><p data-start=\"666\" data-end=\"960\">Una cookie es un archivo que se guarda en tu dispositivo (ordenador, smartphone, tableta, etc.) cuando visitas una p\u00e1gina web. Su funci\u00f3n principal es almacenar datos sobre tu actividad y preferencias en el sitio, permitiendo que en futuras visitas se ofrezca una experiencia m\u00e1s personalizada.<\/p><h2 data-start=\"962\" data-end=\"994\">\u00bfC\u00f3mo funcionan las Cookies?<\/h2><p data-start=\"995\" data-end=\"1216\">Las cookies permiten que el sitio web \u00abrecuerde\u00bb tus preferencias y actividad de navegaci\u00f3n. Al guardar este historial, el sitio puede adaptar el contenido y las opciones mostradas, mejorando tu experiencia de navegaci\u00f3n.<\/p><p data-start=\"1218\" data-end=\"1435\">Es importante resaltar que las cookies no contienen virus ni otros elementos maliciosos que puedan afectar a tu dispositivo. Su \u00fanica funci\u00f3n es almacenar y gestionar informaci\u00f3n relacionada con tu actividad en l\u00ednea.<\/p><h2 data-start=\"1437\" data-end=\"1478\">\u00bfQu\u00e9 informaci\u00f3n guardan las Cookies?<\/h2><p data-start=\"1479\" data-end=\"1606\">Las cookies no suelen almacenar datos personales sensibles, pero recogen informaci\u00f3n t\u00e9cnica sobre tu actividad en l\u00ednea, como:<\/p><ul data-start=\"1608\" data-end=\"1954\"><li data-start=\"1608\" data-end=\"1738\"><p data-start=\"1610\" data-end=\"1738\"><strong data-start=\"1610\" data-end=\"1637\">Preferencias personales<\/strong>: Informaci\u00f3n sobre las elecciones previas que has realizado en el sitio, como el idioma o la regi\u00f3n.<\/p><\/li><li data-start=\"1739\" data-end=\"1854\"><p data-start=\"1741\" data-end=\"1854\"><strong data-start=\"1741\" data-end=\"1773\">Comportamiento de navegaci\u00f3n<\/strong>: P\u00e1ginas visitadas, tiempo pasado en ellas, y enlaces en los que has hecho clic.<\/p><\/li><li data-start=\"1855\" data-end=\"1954\"><p data-start=\"1857\" data-end=\"1954\"><strong data-start=\"1857\" data-end=\"1889\">Personalizaci\u00f3n de contenido<\/strong>: Ajustes del contenido mostrado seg\u00fan tus h\u00e1bitos de navegaci\u00f3n.<\/p><\/li><\/ul><h2 data-start=\"1956\" data-end=\"1985\">\u00bfSon las Cookies seguras?<\/h2><p data-start=\"1986\" data-end=\"2242\">Las cookies son archivos inofensivos que almacenan informaci\u00f3n sobre tu actividad en l\u00ednea, pero no contienen datos personales sensibles. No obstante, es importante gestionarlas adecuadamente para garantizar la privacidad y el cumplimiento de la normativa.<\/p><h2 data-start=\"2244\" data-end=\"2264\">Tipos de Cookies<\/h2><p data-start=\"2265\" data-end=\"2403\">Existen diferentes tipos de cookies, que se clasifican seg\u00fan su funci\u00f3n, duraci\u00f3n y origen. A continuaci\u00f3n, te detallamos los m\u00e1s comunes:<\/p><ul data-start=\"2405\" data-end=\"3085\"><li data-start=\"2405\" data-end=\"2558\"><p data-start=\"2407\" data-end=\"2558\"><strong data-start=\"2407\" data-end=\"2427\">Cookies T\u00e9cnicas<\/strong>: Permiten navegar por el sitio y utilizar sus servicios de forma eficaz (por ejemplo, recordar art\u00edculos en el carrito de compra).<\/p><\/li><li data-start=\"2559\" data-end=\"2689\"><p data-start=\"2561\" data-end=\"2689\"><strong data-start=\"2561\" data-end=\"2591\">Cookies de Personalizaci\u00f3n<\/strong>: Ofrecen una experiencia personalizada bas\u00e1ndose en las configuraciones previas (idioma, regi\u00f3n).<\/p><\/li><li data-start=\"2690\" data-end=\"2803\"><p data-start=\"2692\" data-end=\"2803\"><strong data-start=\"2692\" data-end=\"2715\">Cookies de An\u00e1lisis<\/strong>: Recopilan informaci\u00f3n sobre c\u00f3mo interact\u00faas con el sitio para mejorar su rendimiento.<\/p><\/li><li data-start=\"2804\" data-end=\"2934\"><p data-start=\"2806\" data-end=\"2934\"><strong data-start=\"2806\" data-end=\"2831\">Cookies Publicitarias<\/strong>: Se utilizan para gestionar los espacios publicitarios del sitio, mostr\u00e1ndote anuncios m\u00e1s relevantes.<\/p><\/li><li data-start=\"2935\" data-end=\"3085\"><p data-start=\"2937\" data-end=\"3085\"><strong data-start=\"2937\" data-end=\"2977\">Cookies de Publicidad Comportamental<\/strong>: Rastrean tu comportamiento en varias p\u00e1ginas web, creando un perfil para mostrar anuncios m\u00e1s espec\u00edficos.<\/p><\/li><\/ul><h2 data-start=\"3087\" data-end=\"3120\">Cookies propias y de terceros<\/h2><ul data-start=\"3121\" data-end=\"3365\"><li data-start=\"3121\" data-end=\"3228\"><p data-start=\"3123\" data-end=\"3228\"><strong data-start=\"3123\" data-end=\"3142\">Cookies Propias<\/strong>: Son gestionadas por Mugi Fisioterapia y permiten funciones esenciales del sitio web.<\/p><\/li><li data-start=\"3229\" data-end=\"3365\"><p data-start=\"3231\" data-end=\"3365\"><strong data-start=\"3231\" data-end=\"3254\">Cookies de Terceros<\/strong>: Son gestionadas por entidades externas, como proveedores de an\u00e1lisis web o publicidad (ej. Google Analytics).<\/p><\/li><\/ul><h2 data-start=\"3367\" data-end=\"3418\">\u00bfQu\u00e9 tipo de Cookies utilizamos en nuestra web?<\/h2><p data-start=\"3419\" data-end=\"3526\">En <strong data-start=\"3422\" data-end=\"3443\">Mugi Fisioterapia<\/strong>, utilizamos diferentes tipos de cookies para mejorar tu experiencia de navegaci\u00f3n:<\/p><ul data-start=\"3528\" data-end=\"3928\"><li data-start=\"3528\" data-end=\"3659\"><p data-start=\"3530\" data-end=\"3659\"><strong data-start=\"3530\" data-end=\"3553\">Cookies Funcionales<\/strong>: Necesarias para el funcionamiento b\u00e1sico del sitio, como la navegaci\u00f3n y las caracter\u00edsticas esenciales.<\/p><\/li><li data-start=\"3660\" data-end=\"3791\"><p data-start=\"3662\" data-end=\"3791\"><strong data-start=\"3662\" data-end=\"3688\">Cookies de Rendimiento<\/strong>: Permiten analizar el tr\u00e1fico y comportamiento en el sitio, ayud\u00e1ndonos a identificar \u00e1reas de mejora.<\/p><\/li><li data-start=\"3792\" data-end=\"3928\"><p data-start=\"3794\" data-end=\"3928\"><strong data-start=\"3794\" data-end=\"3815\">Cookies Dirigidas<\/strong>: Se utilizan para crear un perfil de intereses y mostrar anuncios personalizados seg\u00fan tu actividad en el sitio.<\/p><\/li><\/ul><h2 data-start=\"3930\" data-end=\"3962\">\u00bfC\u00f3mo gestionar las Cookies?<\/h2><p data-start=\"3963\" data-end=\"4210\">Como usuario, tienes la opci\u00f3n de gestionar las cookies en tu navegador. Puedes aceptarlas, bloquearlas o eliminarlas seg\u00fan prefieras. Ten en cuenta que bloquear todas las cookies puede afectar el funcionamiento de algunas funciones del sitio web.<\/p><h2 data-start=\"4212\" data-end=\"4260\">C\u00f3mo gestionar las cookies en tu navegador:<\/h2><ul data-start=\"4261\" data-end=\"4542\"><li data-start=\"4261\" data-end=\"4327\"><p data-start=\"4263\" data-end=\"4327\"><strong data-start=\"4263\" data-end=\"4284\">Internet Explorer<\/strong>: Instrucciones en el soporte de Microsoft.<\/p><\/li><li data-start=\"4328\" data-end=\"4407\"><p data-start=\"4330\" data-end=\"4407\"><strong data-start=\"4330\" data-end=\"4341\">Firefox<\/strong>: Habilitar o deshabilitar cookies en la configuraci\u00f3n de Firefox.<\/p><\/li><li data-start=\"4408\" data-end=\"4476\"><p data-start=\"4410\" data-end=\"4476\"><strong data-start=\"4410\" data-end=\"4427\">Google Chrome<\/strong>: Instrucciones para gestionar cookies en Chrome.<\/p><\/li><li data-start=\"4477\" data-end=\"4542\"><p data-start=\"4479\" data-end=\"4542\"><strong data-start=\"4479\" data-end=\"4489\">Safari<\/strong>: Informaci\u00f3n sobre c\u00f3mo gestionar cookies en Safari.<\/p><\/li><\/ul><h3 data-start=\"4544\" data-end=\"4564\">Eliminar Cookies<\/h3><p data-start=\"4565\" data-end=\"4751\">Puedes eliminar las cookies almacenadas en tu navegador en cualquier momento a trav\u00e9s de la configuraci\u00f3n del navegador, permiti\u00e9ndote borrar cookies espec\u00edficas o todas las almacenadas.<\/p><h3 data-start=\"4753\" data-end=\"4767\">Conclusi\u00f3n<\/h3><p data-start=\"4768\" data-end=\"5124\">Las cookies son fundamentales para mejorar la experiencia del usuario y optimizar el rendimiento de un sitio web. Aunque son inofensivas, te proporcionamos el control total sobre qu\u00e9 informaci\u00f3n deseas compartir. Al conocer c\u00f3mo funcionan las cookies y c\u00f3mo gestionarlas, puedes personalizar tu experiencia en l\u00ednea manteniendo un alto nivel de privacidad.<\/p><p data-start=\"5126\" data-end=\"5274\">Si tienes alguna duda o necesitas m\u00e1s informaci\u00f3n sobre nuestra pol\u00edtica de cookies, no dudes en <strong data-start=\"5223\" data-end=\"5239\">contactarnos<\/strong> en <strong data-start=\"5243\" data-end=\"5273\"><a class=\"decorated-link cursor-pointer\" rel=\"noopener\" data-start=\"5245\" data-end=\"5271\">mugifisioterapia@gmail.com<\/a><\/strong>.<\/p>\t\t\t\t\t\t\t\t<\/div>\n\t\t\t\t\t<\/div>\n\t\t\t\t<\/div>\n\t\t\t\t<\/div>","protected":false},"excerpt":{"rendered":"<p>Pol\u00edtica de Cookies \u00bfQu\u00e9 son las Cookies y para qu\u00e9 las usamos? En Mugi Fisioterapia, nos tomamos muy en serio la privacidad de nuestros usuarios. Las cookies son peque\u00f1os archivos de informaci\u00f3n que se almacenan en tu navegador cuando visitas nuestra p\u00e1gina web. Estas cookies nos permiten mejorar tu experiencia al recordar tus preferencias y actividad en futuras visitas. A continuaci\u00f3n, te explicamos qu\u00e9 son las cookies, c\u00f3mo las utilizamos y c\u00f3mo puedes gestionarlas para mejorar tu experiencia en l\u00ednea. \u00bfQu\u00e9 es una Cookie? Una cookie es un archivo que se guarda en tu dispositivo (ordenador, smartphone, tableta, etc.) cuando visitas una p\u00e1gina web. Su funci\u00f3n principal es almacenar datos sobre tu actividad y preferencias en el sitio, permitiendo que en futuras visitas se ofrezca una experiencia m\u00e1s personalizada. \u00bfC\u00f3mo funcionan las Cookies? Las cookies permiten que el sitio web \u00abrecuerde\u00bb tus preferencias y actividad de navegaci\u00f3n. Al guardar este historial, el sitio puede adaptar el contenido y las opciones mostradas, mejorando tu experiencia de navegaci\u00f3n. Es importante resaltar que las cookies no contienen virus ni otros elementos maliciosos que puedan afectar a tu dispositivo. Su \u00fanica funci\u00f3n es almacenar y gestionar informaci\u00f3n relacionada con tu actividad en l\u00ednea. \u00bfQu\u00e9 informaci\u00f3n guardan las Cookies? Las cookies no suelen almacenar datos personales sensibles, pero recogen informaci\u00f3n t\u00e9cnica sobre tu actividad en l\u00ednea, como: Preferencias personales: Informaci\u00f3n sobre las elecciones previas que has realizado en el sitio, como el idioma o la regi\u00f3n. Comportamiento de navegaci\u00f3n: P\u00e1ginas visitadas, tiempo pasado en ellas, y enlaces en los que has hecho clic. Personalizaci\u00f3n de contenido: Ajustes del contenido mostrado seg\u00fan tus h\u00e1bitos de navegaci\u00f3n. \u00bfSon las Cookies seguras? Las cookies son archivos inofensivos que almacenan informaci\u00f3n sobre tu actividad en l\u00ednea, pero no contienen datos personales sensibles. No obstante, es importante gestionarlas adecuadamente para garantizar la privacidad y el cumplimiento de la normativa. Tipos de Cookies Existen diferentes tipos de cookies, que se clasifican seg\u00fan su funci\u00f3n, duraci\u00f3n y origen. A continuaci\u00f3n, te detallamos los m\u00e1s comunes: Cookies T\u00e9cnicas: Permiten navegar por el sitio y utilizar sus servicios de forma eficaz (por ejemplo, recordar art\u00edculos en el carrito de compra). Cookies de Personalizaci\u00f3n: Ofrecen una experiencia personalizada bas\u00e1ndose en las configuraciones previas (idioma, regi\u00f3n). Cookies de An\u00e1lisis: Recopilan informaci\u00f3n sobre c\u00f3mo interact\u00faas con el sitio para mejorar su rendimiento. Cookies Publicitarias: Se utilizan para gestionar los espacios publicitarios del sitio, mostr\u00e1ndote anuncios m\u00e1s relevantes. Cookies de Publicidad Comportamental: Rastrean tu comportamiento en varias p\u00e1ginas web, creando un perfil para mostrar anuncios m\u00e1s espec\u00edficos. Cookies propias y de terceros Cookies Propias: Son gestionadas por Mugi Fisioterapia y permiten funciones esenciales del sitio web. Cookies de Terceros: Son gestionadas por entidades externas, como proveedores de an\u00e1lisis web o publicidad (ej. Google Analytics). \u00bfQu\u00e9 tipo de Cookies utilizamos en nuestra web? En Mugi Fisioterapia, utilizamos diferentes tipos de cookies para mejorar tu experiencia de navegaci\u00f3n: Cookies Funcionales: Necesarias para el funcionamiento b\u00e1sico del sitio, como la navegaci\u00f3n y las caracter\u00edsticas esenciales. Cookies de Rendimiento: Permiten analizar el tr\u00e1fico y comportamiento en el sitio, ayud\u00e1ndonos a identificar \u00e1reas de mejora. Cookies Dirigidas: Se utilizan para crear un perfil de intereses y mostrar anuncios personalizados seg\u00fan tu actividad en el sitio. \u00bfC\u00f3mo gestionar las Cookies? Como usuario, tienes la opci\u00f3n de gestionar las cookies en tu navegador. Puedes aceptarlas, bloquearlas o eliminarlas seg\u00fan prefieras. Ten en cuenta que bloquear todas las cookies puede afectar el funcionamiento de algunas funciones del sitio web. C\u00f3mo gestionar las cookies en tu navegador: Internet Explorer: Instrucciones en el soporte de Microsoft. Firefox: Habilitar o deshabilitar cookies en la configuraci\u00f3n de Firefox. Google Chrome: Instrucciones para gestionar cookies en Chrome. Safari: Informaci\u00f3n sobre c\u00f3mo gestionar cookies en Safari. Eliminar Cookies Puedes eliminar las cookies almacenadas en tu navegador en cualquier momento a trav\u00e9s de la configuraci\u00f3n del navegador, permiti\u00e9ndote borrar cookies espec\u00edficas o todas las almacenadas. Conclusi\u00f3n Las cookies son fundamentales para mejorar la experiencia del usuario y optimizar el rendimiento de un sitio web. Aunque son inofensivas, te proporcionamos el control total sobre qu\u00e9 informaci\u00f3n deseas compartir. Al conocer c\u00f3mo funcionan las cookies y c\u00f3mo gestionarlas, puedes personalizar tu experiencia en l\u00ednea manteniendo un alto nivel de privacidad. Si tienes alguna duda o necesitas m\u00e1s informaci\u00f3n sobre nuestra pol\u00edtica de cookies, no dudes en contactarnos en mugifisioterapia@gmail.com.<\/p>","protected":false},"author":3,"featured_media":0,"parent":0,"menu_order":0,"comment_status":"closed","ping_status":"closed","template":"elementor_header_footer","meta":{"footnotes":""},"class_list":["post-428","page","type-page","status-publish","hentry"],"_hostinger_reach_plugin_has_subscription_block":false,"_hostinger_reach_plugin_is_elementor":false,"_links":{"self":[{"href":"https:\/\/fisioterapeutassopelana.com\/eu\/wp-json\/wp\/v2\/pages\/428","targetHints":{"allow":["GET"]}}],"collection":[{"href":"https:\/\/fisioterapeutassopelana.com\/eu\/wp-json\/wp\/v2\/pages"}],"about":[{"href":"https:\/\/fisioterapeutassopelana.com\/eu\/wp-json\/wp\/v2\/types\/page"}],"author":[{"embeddable":true,"href":"https:\/\/fisioterapeutassopelana.com\/eu\/wp-json\/wp\/v2\/users\/3"}],"replies":[{"embeddable":true,"href":"https:\/\/fisioterapeutassopelana.com\/eu\/wp-json\/wp\/v2\/comments?post=428"}],"version-history":[{"count":10,"href":"https:\/\/fisioterapeutassopelana.com\/eu\/wp-json\/wp\/v2\/pages\/428\/revisions"}],"predecessor-version":[{"id":438,"href":"https:\/\/fisioterapeutassopelana.com\/eu\/wp-json\/wp\/v2\/pages\/428\/revisions\/438"}],"wp:attachment":[{"href":"https:\/\/fisioterapeutassopelana.com\/eu\/wp-json\/wp\/v2\/media?parent=428"}],"curies":[{"name":"wp","href":"https:\/\/api.w.org\/{rel}","templated":true}]}}